{"id":25,"date":"2014-10-26T21:54:08","date_gmt":"2014-10-26T19:54:08","guid":{"rendered":"http:\/\/www.partdotlife.com\/?page_id=25"},"modified":"2021-09-29T13:18:31","modified_gmt":"2021-09-29T11:18:31","slug":"images","status":"publish","type":"page","link":"http:\/\/www.partdotlife.com\/?page_id=25","title":{"rendered":"Das Studio"},"content":{"rendered":"<h2 style=\"text-align: center;\"><span style=\"color: #808080;\">DAS STUDIO<\/span><\/h2>\n<p><span style=\"color: #808080;\">Neben einem grossen, gem\u00fctlichen Regieraum mit Sitzgelegenheit, gibt es einen separaten Aufnahmeraum mit sehr guter Akustik und idealer Raumh\u00f6he. Im Aufnahmeraum gibt es einen eigenen Bildschirm f\u00fcr den\/die K\u00fcnstlerIn. Ideal f\u00fcr Sprachaufnahmen und Post-Produktionen. Lautst\u00e4rke spielt hier keine Rolle. Somit steht einer Late-Night-Session nichts im Wege.\u00a0<\/span><\/p>\n<div id='gallery-1' class='gallery galleryid-25 gallery-columns-6 gallery-size-thumbnail'><figure class='gallery-item'>\n\t\t\t<div class='gallery-icon landscape'>\n\t\t\t\t<a href='http:\/\/www.partdotlife.com\/?attachment_id=541'><img width=\"150\" height=\"150\" src=\"http:\/\/www.partdotlife.com\/wp-content\/uploads\/2014\/10\/Regie-High-View-150x150.jpg\" class=\"attachment-thumbnail size-thumbnail\" alt=\"\" decoding=\"async\" loading=\"lazy\" srcset=\"http:\/\/www.partdotlife.com\/wp-content\/uploads\/2014\/10\/Regie-High-View-150x150.jpg 150w, http:\/\/www.partdotlife.com\/wp-content\/uploads\/2014\/10\/Regie-High-View-400x400.jpg 400w, http:\/\/www.partdotlife.com\/wp-content\/uploads\/2014\/10\/Regie-High-View-100x100.jpg 100w\" sizes=\"(max-width: 150px) 100vw, 150px\" \/><\/a>\n\t\t\t<\/div><\/figure><figure class='gallery-item'>\n\t\t\t<div class='gallery-icon portrait'>\n\t\t\t\t<a href='http:\/\/www.partdotlife.com\/?attachment_id=542'><img width=\"150\" height=\"150\" src=\"http:\/\/www.partdotlife.com\/wp-content\/uploads\/2014\/10\/Studio-Bodenaufnahme-150x150.jpg\" class=\"attachment-thumbnail size-thumbnail\" alt=\"\" decoding=\"async\" loading=\"lazy\" srcset=\"http:\/\/www.partdotlife.com\/wp-content\/uploads\/2014\/10\/Studio-Bodenaufnahme-150x150.jpg 150w, http:\/\/www.partdotlife.com\/wp-content\/uploads\/2014\/10\/Studio-Bodenaufnahme-400x400.jpg 400w, http:\/\/www.partdotlife.com\/wp-content\/uploads\/2014\/10\/Studio-Bodenaufnahme-100x100.jpg 100w\" sizes=\"(max-width: 150px) 100vw, 150px\" \/><\/a>\n\t\t\t<\/div><\/figure><figure class='gallery-item'>\n\t\t\t<div class='gallery-icon landscape'>\n\t\t\t\t<a href='http:\/\/www.partdotlife.com\/?attachment_id=538'><img width=\"150\" height=\"150\" src=\"http:\/\/www.partdotlife.com\/wp-content\/uploads\/2014\/10\/Arbeitsplatz-View-150x150.jpg\" class=\"attachment-thumbnail size-thumbnail\" alt=\"\" decoding=\"async\" loading=\"lazy\" srcset=\"http:\/\/www.partdotlife.com\/wp-content\/uploads\/2014\/10\/Arbeitsplatz-View-150x150.jpg 150w, http:\/\/www.partdotlife.com\/wp-content\/uploads\/2014\/10\/Arbeitsplatz-View-400x400.jpg 400w, http:\/\/www.partdotlife.com\/wp-content\/uploads\/2014\/10\/Arbeitsplatz-View-100x100.jpg 100w\" sizes=\"(max-width: 150px) 100vw, 150px\" \/><\/a>\n\t\t\t<\/div><\/figure><figure class='gallery-item'>\n\t\t\t<div class='gallery-icon landscape'>\n\t\t\t\t<a href='http:\/\/www.partdotlife.com\/?attachment_id=540'><img width=\"150\" height=\"150\" src=\"http:\/\/www.partdotlife.com\/wp-content\/uploads\/2014\/10\/LA-610-150x150.jpg\" class=\"attachment-thumbnail size-thumbnail\" alt=\"\" decoding=\"async\" loading=\"lazy\" srcset=\"http:\/\/www.partdotlife.com\/wp-content\/uploads\/2014\/10\/LA-610-150x150.jpg 150w, http:\/\/www.partdotlife.com\/wp-content\/uploads\/2014\/10\/LA-610-400x400.jpg 400w, http:\/\/www.partdotlife.com\/wp-content\/uploads\/2014\/10\/LA-610-100x100.jpg 100w\" sizes=\"(max-width: 150px) 100vw, 150px\" \/><\/a>\n\t\t\t<\/div><\/figure><figure class='gallery-item'>\n\t\t\t<div class='gallery-icon landscape'>\n\t\t\t\t<a href='http:\/\/www.partdotlife.com\/?attachment_id=539'><img width=\"150\" height=\"150\" src=\"http:\/\/www.partdotlife.com\/wp-content\/uploads\/2014\/10\/Harmonium-150x150.jpg\" class=\"attachment-thumbnail size-thumbnail\" alt=\"\" decoding=\"async\" loading=\"lazy\" srcset=\"http:\/\/www.partdotlife.com\/wp-content\/uploads\/2014\/10\/Harmonium-150x150.jpg 150w, http:\/\/www.partdotlife.com\/wp-content\/uploads\/2014\/10\/Harmonium-400x400.jpg 400w, http:\/\/www.partdotlife.com\/wp-content\/uploads\/2014\/10\/Harmonium-100x100.jpg 100w\" sizes=\"(max-width: 150px) 100vw, 150px\" \/><\/a>\n\t\t\t<\/div><\/figure><figure class='gallery-item'>\n\t\t\t<div class='gallery-icon portrait'>\n\t\t\t\t<a href='http:\/\/www.partdotlife.com\/?attachment_id=537'><img width=\"150\" height=\"150\" src=\"http:\/\/www.partdotlife.com\/wp-content\/uploads\/2014\/10\/49er-BW-150x150.jpg\" class=\"attachment-thumbnail size-thumbnail\" alt=\"\" decoding=\"async\" loading=\"lazy\" srcset=\"http:\/\/www.partdotlife.com\/wp-content\/uploads\/2014\/10\/49er-BW-150x150.jpg 150w, http:\/\/www.partdotlife.com\/wp-content\/uploads\/2014\/10\/49er-BW-400x400.jpg 400w, http:\/\/www.partdotlife.com\/wp-content\/uploads\/2014\/10\/49er-BW-100x100.jpg 100w\" sizes=\"(max-width: 150px) 100vw, 150px\" \/><\/a>\n\t\t\t<\/div><\/figure>\n\t\t<\/div>\n\n<h2 style=\"text-align: center;\">\u00a0<\/h2>\n<h2 style=\"text-align: center;\"><span style=\"color: #808080;\">EQUIPMENT-Hardware<\/span><\/h2>\n<h4 style=\"text-align: left;\"><span style=\"color: #808080;\"><strong>Mikrophone \u00a0 \u00a0 \u00a0 \u00a0 \u00a0 \u00a0 \u00a0 \u00a0 \u00a0 \u00a0 \u00a0 \u00a0\u00a0<\/strong><\/span><\/h4>\n<ul>\n<li><span style=\"color: #808080;\">Neumann U87 Ai<\/span><\/li>\n<li><span style=\"color: #808080;\">Neumann TLM 107<\/span><\/li>\n<li><span style=\"color: #808080;\">Neumann TLM 103<\/span><\/li>\n<li><span style=\"color: #808080;\">2x Neumann TLM 102<\/span><\/li>\n<li><span style=\"color: #808080;\">2x Austrian Audio OC 818<\/span><\/li>\n<li><span style=\"color: #808080;\">3x AKG C414 XLS<\/span><\/li>\n<li><span style=\"color: #808080;\">3x Shure SM 57<\/span><\/li>\n<li><span style=\"color: #808080;\">3x Sennheiser MD 421-II<\/span><\/li>\n<li><span style=\"color: #808080;\">Audix i5<\/span><\/li>\n<li><span style=\"color: #808080;\">Oktava MC012-01<\/span><\/li>\n<li><span style=\"color: #808080;\">Sennheiser E 602-II<\/span><\/li>\n<li><span style=\"color: #808080;\">AKG D112 MK II<\/span><\/li>\n<li><span style=\"color: #808080;\">Shure Beta 52A<\/span><\/li>\n<\/ul>\n<h4><span style=\"color: #808080;\"><strong>Channelstrips\/Interfaces<\/strong><\/span><\/h4>\n<ul>\n<li><span style=\"color: #808080;\">Universal Audio Apollo x8p<\/span><\/li>\n<li><span style=\"color: #808080;\">Universal Audio Apollo 8p<\/span><\/li>\n<li><span style=\"color: #808080;\">Universal Audio 8<\/span><\/li>\n<li><span style=\"color: #808080;\">Universal Audio UAD-2 Satellite Octo<\/span><\/li>\n<li><span style=\"color: #808080;\">RME Fireface 800<\/span><\/li>\n<li><span style=\"color: #808080;\">Neve 1073DPA<\/span><\/li>\n<li><span style=\"color: #808080;\">Universal Audio LA-610 MK II<\/span><\/li>\n<\/ul>\n<h4><strong><span style=\"color: #808080;\">O-Tone\/Field Recording<\/span><\/strong><\/h4>\n<ul>\n<li><span style=\"color: #808080;\">Pearl MSH 10<\/span><\/li>\n<li><span style=\"color: #808080;\">Sennheiser MKH 8060<\/span><\/li>\n<li><span style=\"color: #808080;\">Zoom F6<\/span><\/li>\n<li><span style=\"color: #808080;\">Rycote Super Shield Kit<\/span><\/li>\n<li><span style=\"color: #808080;\">Rode Boompole Pro<\/span><\/li>\n<\/ul>\n<h4><strong><span style=\"color: #808080;\">Bass und Gitarren Amps<\/span><\/strong><\/h4>\n<ul>\n<li><span style=\"color: #808080;\">Orange Thunderverb 200<\/span><\/li>\n<li><span style=\"color: #808080;\">Marshall 2555X Silver Jubilee<\/span><\/li>\n<li><span style=\"color: #808080;\">Peavey Classic 30<\/span><\/li>\n<li><span style=\"color: #808080;\">Fender FM 212R<\/span><\/li>\n<li><span style=\"color: #808080;\">Ampeg SVT Classic<\/span><\/li>\n<\/ul>\n<h4><span style=\"color: #808080;\"><strong>Synthesizer\/Vocoder<\/strong><\/span><\/h4>\n<ul>\n<li><span style=\"color: #808080;\">microKORG<\/span><\/li>\n<li><span style=\"color: #808080;\">KORG CX3<\/span><\/li>\n<li><span style=\"color: #808080;\">Model D<\/span><\/li>\n<li><span style=\"color: #808080;\">Yamaha PS-20 Automatic Bass Chord System<\/span><\/li>\n<\/ul>\n<h4><span style=\"color: #808080;\"><strong>Effekte<\/strong><\/span><\/h4>\n<ul>\n<li><span style=\"color: #808080;\">HardWire DL-8, CR-7, RV-7, SP-7, TL-2, CM-2<\/span><\/li>\n<\/ul>\n<h4><strong><span style=\"color: #808080;\">E-\/Akustik-Gitarren<\/span><\/strong><\/h4>\n<ul>\n<li><span style=\"color: #808080;\">D\u00fcsenberg 49er<\/span><\/li>\n<li><span style=\"color: #808080;\">Fender Stratocaster Player Plus<\/span><\/li>\n<li><span style=\"color: #808080;\">Martin OOO x1ae<\/span><\/li>\n<li><span style=\"color: #808080;\">Washburn WD40S<\/span><\/li>\n<\/ul>\n<h2 style=\"text-align: center;\"><span style=\"color: #808080;\">DAWs\/VSTs\/PLUG-INS<\/span><\/h2>\n<h4><strong><span style=\"color: #808080;\">DAWs<\/span><\/strong><\/h4>\n<ul>\n<li><span style=\"color: #808080;\">Steinberg Nuendo 10<\/span><\/li>\n<li><span style=\"color: #808080;\">Ableton Live 10<\/span><\/li>\n<li><span style=\"color: #808080;\">Spectra Layers<\/span><\/li>\n<\/ul>\n<h4><strong><span style=\"color: #808080;\">VSTs\/Plug-Ins<\/span><\/strong><\/h4>\n<ul>\n<li><span style=\"color: #808080;\">Vienna MIR PRO<\/span><\/li>\n<li><span style=\"color: #808080;\">Berlin Strings<\/span><\/li>\n<li><span style=\"color: #808080;\">Albion ONE<\/span><\/li>\n<li><span style=\"color: #808080;\">FAB Filter<\/span><\/li>\n<li><span style=\"color: #808080;\">ARTURIA Collection<\/span><\/li>\n<li><span style=\"color: #808080;\">Vienna Synchron Strings Pro<\/span><\/li>\n<li><span style=\"color: #808080;\">East West Composer Cloud<\/span><\/li>\n<li><span style=\"color: #808080;\">Soundtoys Bundle<\/span><\/li>\n<li><span style=\"color: #808080;\">Kontakt\u00a0<\/span><\/li>\n<li><span style=\"color: #808080;\">Native Instruments <\/span><span style=\"color: #808080;\">Komplete<\/span><\/li>\n<li><span style=\"color: #808080;\">Retrologue 2<\/span><\/li>\n<li><span style=\"color: #808080;\">u-he Zebra 2<\/span><\/li>\n<li><span style=\"color: #808080;\">Melodyne<\/span><\/li>\n<li><span style=\"color: #808080;\">40x UAD-2 Plug-Ins<\/span><\/li>\n<li><span style=\"color: #808080;\">uvm.<\/span><\/li>\n<\/ul>\n\n\n<p><\/p>\n","protected":false},"excerpt":{"rendered":"<p>DAS STUDIO Neben einem grossen, gem\u00fctlichen Regieraum mit Sitzgelegenheit, gibt es einen separaten Aufnahmeraum mit sehr guter Akustik und idealer Raumh\u00f6he. Im Aufnahmeraum gibt es einen eigenen Bildschirm f\u00fcr den\/die K\u00fcnstlerIn. Ideal f\u00fcr Sprachaufnahmen und Post-Produktionen. Lautst\u00e4rke spielt hier keine Rolle. Somit steht einer Late-Night-Session nichts im Wege.\u00a0 \u00a0 EQUIPMENT-Hardware Mikrophone \u00a0 \u00a0 \u00a0 \u00a0 [&hellip;]<\/p>\n","protected":false},"author":1,"featured_media":0,"parent":0,"menu_order":0,"comment_status":"closed","ping_status":"closed","template":"","meta":{"spay_email":""},"jetpack_sharing_enabled":true,"jetpack_shortlink":"https:\/\/wp.me\/P7OthT-p","_links":{"self":[{"href":"http:\/\/www.partdotlife.com\/index.php?rest_route=\/wp\/v2\/pages\/25"}],"collection":[{"href":"http:\/\/www.partdotlife.com\/index.php?rest_route=\/wp\/v2\/pages"}],"about":[{"href":"http:\/\/www.partdotlife.com\/index.php?rest_route=\/wp\/v2\/types\/page"}],"author":[{"embeddable":true,"href":"http:\/\/www.partdotlife.com\/index.php?rest_route=\/wp\/v2\/users\/1"}],"replies":[{"embeddable":true,"href":"http:\/\/www.partdotlife.com\/index.php?rest_route=%2Fwp%2Fv2%2Fcomments&post=25"}],"version-history":[{"count":39,"href":"http:\/\/www.partdotlife.com\/index.php?rest_route=\/wp\/v2\/pages\/25\/revisions"}],"predecessor-version":[{"id":899,"href":"http:\/\/www.partdotlife.com\/index.php?rest_route=\/wp\/v2\/pages\/25\/revisions\/899"}],"wp:attachment":[{"href":"http:\/\/www.partdotlife.com\/index.php?rest_route=%2Fwp%2Fv2%2Fmedia&parent=25"}],"curies":[{"name":"wp","href":"https:\/\/api.w.org\/{rel}","templated":true}]}}